{"id":624,"date":"2019-09-19T08:38:28","date_gmt":"2019-09-19T08:38:28","guid":{"rendered":"https:\/\/pangucreative.wpengine.com\/?page_id=624"},"modified":"2021-02-24T08:54:57","modified_gmt":"2021-02-24T08:54:57","slug":"published-articles","status":"publish","type":"page","link":"https:\/\/pangucreativehealth.com\/en\/about-me\/published-articles\/","title":{"rendered":"Published Articles"},"content":{"rendered":"\n<p>-&#8216;Moving towards Soul-an alchemical journey,<br>Rehabilitation of women suffering from chronic pain<br>in a clinical and Jungian context&#8217;,<br>Journal of Analytical Psychology, 2020,65,5. 839-864.<\/p>\n\n\n\n<p>-&#8216;Kreativa metoder i handledning &#8211; n\u00e4r orden inte r\u00e4cker &#8216;.<br>Popul\u00e4rvetenskaplig artikel ( opublicerad) &#8211; Handledarutbildningen SAPU 2019-2020.<\/p>\n\n\n\n<p><em>Sj\u00f6str\u00f6m Flanagan C<\/em>, &#8216;Creative Arts Therapies In the Rehabilitation of Chronic Pain &#8211; Movement and Metaphor, reflections from clients and therapist&#8217; published in Nordic Physiotherapy: 2004 ; 8: 120-131<\/p>\n\n\n\n<p><em>Bullington J<\/em>, Nordemar R, Nordemar K, Flanagan C, Meaning out of chaos: a way to understand chronic pain. Scand J Caring Sci: 2003:17:325-331<\/p>\n\n\n\n<p><em>Bullington J<\/em>, Flanagan C, Nordemar K, Nordemar R,&nbsp; From pain through chaos toward new meaning. Two case studies. Accepted for publication Int.J. Arts in Psychotherapy, April 2005.<\/p>\n","protected":false},"excerpt":{"rendered":"<p>-&#8216;Moving towards Soul-an alchemical journey,Rehabilitation of women suffering from chronic painin a clinical and Jungian context&#8217;,Journal of Analytical Psychology, 2020,65,5&#8230;.<\/p>\n","protected":false},"author":1,"featured_media":0,"parent":609,"menu_order":0,"comment_status":"closed","ping_status":"closed","template":"","meta":{"_acf_changed":false,"inline_featured_image":false,"footnotes":""},"class_list":["post-624","page","type-page","status-publish","hentry"],"acf":[],"yoast_head":"<!-- This site is optimized with the Yoast SEO plugin v27.4 - https:\/\/yoast.com\/product\/yoast-seo-wordpress\/ -->\n<title>Published Articles - Pangu - Creative Health<\/title>\n<meta name=\"robots\" content=\"index, follow, max-snippet:-1, max-image-preview:large, max-video-preview:-1\" \/>\n<link rel=\"canonical\" href=\"https:\/\/pangucreativehealth.com\/en\/about-me\/published-articles\/\" \/>\n<meta property=\"og:locale\" content=\"en_US\" \/>\n<meta property=\"og:type\" content=\"article\" \/>\n<meta property=\"og:title\" content=\"Published Articles - Pangu - Creative Health\" \/>\n<meta property=\"og:description\" content=\"-&#8216;Moving towards Soul-an alchemical journey,Rehabilitation of women suffering from chronic painin a clinical and Jungian context&#8217;,Journal of Analytical Psychology, 2020,65,5....\" \/>\n<meta property=\"og:url\" content=\"https:\/\/pangucreativehealth.com\/en\/about-me\/published-articles\/\" \/>\n<meta property=\"og:site_name\" content=\"Pangu - Creative Health\" \/>\n<meta property=\"article:modified_time\" content=\"2021-02-24T08:54:57+00:00\" \/>\n<meta name=\"twitter:card\" content=\"summary_large_image\" \/>\n<meta name=\"twitter:label1\" content=\"Est. reading time\" \/>\n\t<meta name=\"twitter:data1\" content=\"1 minute\" \/>\n<script type=\"application\/ld+json\" class=\"yoast-schema-graph\">{\"@context\":\"https:\\\/\\\/schema.org\",\"@graph\":[{\"@type\":\"WebPage\",\"@id\":\"https:\\\/\\\/pangucreativehealth.com\\\/en\\\/about-me\\\/published-articles\\\/\",\"url\":\"https:\\\/\\\/pangucreativehealth.com\\\/en\\\/about-me\\\/published-articles\\\/\",\"name\":\"Published Articles - Pangu - Creative Health\",\"isPartOf\":{\"@id\":\"https:\\\/\\\/pangucreativehealth.com\\\/en\\\/#website\"},\"datePublished\":\"2019-09-19T08:38:28+00:00\",\"dateModified\":\"2021-02-24T08:54:57+00:00\",\"breadcrumb\":{\"@id\":\"https:\\\/\\\/pangucreativehealth.com\\\/en\\\/about-me\\\/published-articles\\\/#breadcrumb\"},\"inLanguage\":\"en-US\",\"potentialAction\":[{\"@type\":\"ReadAction\",\"target\":[\"https:\\\/\\\/pangucreativehealth.com\\\/en\\\/about-me\\\/published-articles\\\/\"]}]},{\"@type\":\"BreadcrumbList\",\"@id\":\"https:\\\/\\\/pangucreativehealth.com\\\/en\\\/about-me\\\/published-articles\\\/#breadcrumb\",\"itemListElement\":[{\"@type\":\"ListItem\",\"position\":1,\"name\":\"Hem\",\"item\":\"https:\\\/\\\/pangucreativehealth.com\\\/en\\\/\"},{\"@type\":\"ListItem\",\"position\":2,\"name\":\"About me\",\"item\":\"https:\\\/\\\/pangucreativehealth.com\\\/en\\\/about-me\\\/\"},{\"@type\":\"ListItem\",\"position\":3,\"name\":\"Published Articles\"}]},{\"@type\":\"WebSite\",\"@id\":\"https:\\\/\\\/pangucreativehealth.com\\\/en\\\/#website\",\"url\":\"https:\\\/\\\/pangucreativehealth.com\\\/en\\\/\",\"name\":\"Pangu - creative health\",\"description\":\"\u201dAge ex corde , incipie et perficie.\u201d\",\"publisher\":{\"@id\":\"https:\\\/\\\/pangucreativehealth.com\\\/en\\\/#organization\"},\"potentialAction\":[{\"@type\":\"SearchAction\",\"target\":{\"@type\":\"EntryPoint\",\"urlTemplate\":\"https:\\\/\\\/pangucreativehealth.com\\\/en\\\/?s={search_term_string}\"},\"query-input\":{\"@type\":\"PropertyValueSpecification\",\"valueRequired\":true,\"valueName\":\"search_term_string\"}}],\"inLanguage\":\"en-US\"},{\"@type\":\"Organization\",\"@id\":\"https:\\\/\\\/pangucreativehealth.com\\\/en\\\/#organization\",\"name\":\"Pangu Creative Health\",\"url\":\"https:\\\/\\\/pangucreativehealth.com\\\/en\\\/\",\"logo\":{\"@type\":\"ImageObject\",\"inLanguage\":\"en-US\",\"@id\":\"https:\\\/\\\/pangucreativehealth.com\\\/en\\\/#\\\/schema\\\/logo\\\/image\\\/\",\"url\":\"https:\\\/\\\/pangucreativehealth.com\\\/wp-content\\\/uploads\\\/2019\\\/09\\\/pangu_logo.png\",\"contentUrl\":\"https:\\\/\\\/pangucreativehealth.com\\\/wp-content\\\/uploads\\\/2019\\\/09\\\/pangu_logo.png\",\"width\":470,\"height\":169,\"caption\":\"Pangu Creative Health\"},\"image\":{\"@id\":\"https:\\\/\\\/pangucreativehealth.com\\\/en\\\/#\\\/schema\\\/logo\\\/image\\\/\"}}]}<\/script>\n<!-- \/ Yoast SEO plugin. -->","yoast_head_json":{"title":"Published Articles - Pangu - Creative Health","robots":{"index":"index","follow":"follow","max-snippet":"max-snippet:-1","max-image-preview":"max-image-preview:large","max-video-preview":"max-video-preview:-1"},"canonical":"https:\/\/pangucreativehealth.com\/en\/about-me\/published-articles\/","og_locale":"en_US","og_type":"article","og_title":"Published Articles - Pangu - Creative Health","og_description":"-&#8216;Moving towards Soul-an alchemical journey,Rehabilitation of women suffering from chronic painin a clinical and Jungian context&#8217;,Journal of Analytical Psychology, 2020,65,5....","og_url":"https:\/\/pangucreativehealth.com\/en\/about-me\/published-articles\/","og_site_name":"Pangu - Creative Health","article_modified_time":"2021-02-24T08:54:57+00:00","twitter_card":"summary_large_image","twitter_misc":{"Est. reading time":"1 minute"},"schema":{"@context":"https:\/\/schema.org","@graph":[{"@type":"WebPage","@id":"https:\/\/pangucreativehealth.com\/en\/about-me\/published-articles\/","url":"https:\/\/pangucreativehealth.com\/en\/about-me\/published-articles\/","name":"Published Articles - Pangu - Creative Health","isPartOf":{"@id":"https:\/\/pangucreativehealth.com\/en\/#website"},"datePublished":"2019-09-19T08:38:28+00:00","dateModified":"2021-02-24T08:54:57+00:00","breadcrumb":{"@id":"https:\/\/pangucreativehealth.com\/en\/about-me\/published-articles\/#breadcrumb"},"inLanguage":"en-US","potentialAction":[{"@type":"ReadAction","target":["https:\/\/pangucreativehealth.com\/en\/about-me\/published-articles\/"]}]},{"@type":"BreadcrumbList","@id":"https:\/\/pangucreativehealth.com\/en\/about-me\/published-articles\/#breadcrumb","itemListElement":[{"@type":"ListItem","position":1,"name":"Hem","item":"https:\/\/pangucreativehealth.com\/en\/"},{"@type":"ListItem","position":2,"name":"About me","item":"https:\/\/pangucreativehealth.com\/en\/about-me\/"},{"@type":"ListItem","position":3,"name":"Published Articles"}]},{"@type":"WebSite","@id":"https:\/\/pangucreativehealth.com\/en\/#website","url":"https:\/\/pangucreativehealth.com\/en\/","name":"Pangu - creative health","description":"\u201dAge ex corde , incipie et perficie.\u201d","publisher":{"@id":"https:\/\/pangucreativehealth.com\/en\/#organization"},"potentialAction":[{"@type":"SearchAction","target":{"@type":"EntryPoint","urlTemplate":"https:\/\/pangucreativehealth.com\/en\/?s={search_term_string}"},"query-input":{"@type":"PropertyValueSpecification","valueRequired":true,"valueName":"search_term_string"}}],"inLanguage":"en-US"},{"@type":"Organization","@id":"https:\/\/pangucreativehealth.com\/en\/#organization","name":"Pangu Creative Health","url":"https:\/\/pangucreativehealth.com\/en\/","logo":{"@type":"ImageObject","inLanguage":"en-US","@id":"https:\/\/pangucreativehealth.com\/en\/#\/schema\/logo\/image\/","url":"https:\/\/pangucreativehealth.com\/wp-content\/uploads\/2019\/09\/pangu_logo.png","contentUrl":"https:\/\/pangucreativehealth.com\/wp-content\/uploads\/2019\/09\/pangu_logo.png","width":470,"height":169,"caption":"Pangu Creative Health"},"image":{"@id":"https:\/\/pangucreativehealth.com\/en\/#\/schema\/logo\/image\/"}}]}},"_links":{"self":[{"href":"https:\/\/pangucreativehealth.com\/en\/wp-json\/wp\/v2\/pages\/624","targetHints":{"allow":["GET"]}}],"collection":[{"href":"https:\/\/pangucreativehealth.com\/en\/wp-json\/wp\/v2\/pages"}],"about":[{"href":"https:\/\/pangucreativehealth.com\/en\/wp-json\/wp\/v2\/types\/page"}],"author":[{"embeddable":true,"href":"https:\/\/pangucreativehealth.com\/en\/wp-json\/wp\/v2\/users\/1"}],"replies":[{"embeddable":true,"href":"https:\/\/pangucreativehealth.com\/en\/wp-json\/wp\/v2\/comments?post=624"}],"version-history":[{"count":0,"href":"https:\/\/pangucreativehealth.com\/en\/wp-json\/wp\/v2\/pages\/624\/revisions"}],"up":[{"embeddable":true,"href":"https:\/\/pangucreativehealth.com\/en\/wp-json\/wp\/v2\/pages\/609"}],"wp:attachment":[{"href":"https:\/\/pangucreativehealth.com\/en\/wp-json\/wp\/v2\/media?parent=624"}],"curies":[{"name":"wp","href":"https:\/\/api.w.org\/{rel}","templated":true}]}}